{"id":25,"date":"2023-09-22T21:15:17","date_gmt":"2023-09-22T21:15:17","guid":{"rendered":"https:\/\/annagalfi.de\/?page_id=25"},"modified":"2023-09-22T21:22:12","modified_gmt":"2023-09-22T21:22:12","slug":"startseite","status":"publish","type":"page","link":"https:\/\/annagalfi.de\/","title":{"rendered":"Startseite"},"content":{"rendered":"<p>[et_pb_section fb_built=&#8221;1&#8243; admin_label=&#8221;Blog&#8221; _builder_version=&#8221;4.20.0&#8243; _module_preset=&#8221;default&#8221; collapsed=&#8221;on&#8221; global_colors_info=&#8221;{}&#8221;][et_pb_row _builder_version=&#8221;4.20.0&#8243; _module_preset=&#8221;default&#8221; global_colors_info=&#8221;{}&#8221;][et_pb_column type=&#8221;4_4&#8243; _builder_version=&#8221;4.20.0&#8243; _module_preset=&#8221;default&#8221; global_colors_info=&#8221;{}&#8221;][et_pb_text _builder_version=&#8221;4.22.2&#8243; _module_preset=&#8221;b11b888d-222b-4fb5-8e12-c483cc88b745&#8243; text_orientation=&#8221;center&#8221; global_colors_info=&#8221;{}&#8221;]<\/p>\n<h1>MEIN BLOG<\/h1>\n<p>[\/et_pb_text][et_pb_blog posts_number=&#8221;1&#8243; include_categories=&#8221;16&#8243; show_categories=&#8221;off&#8221; _builder_version=&#8221;4.22.2&#8243; _module_preset=&#8221;0f28fc5c-1e78-4bcf-bcca-82bf15dffac5&#8243; header_font_size=&#8221;32px&#8221; body_font_size=&#8221;16px&#8221; hover_enabled=&#8221;0&#8243; body_font_size_tablet=&#8221;15px&#8221; body_font_size_phone=&#8221;14px&#8221; body_font_size_last_edited=&#8221;on|desktop&#8221; locked=&#8221;off&#8221; global_colors_info=&#8221;{%22gcid-606d042f-c90f-4ea6-97e7-7b08f1ba25f6%22:%91%22text_text_color%22,%22header_4_text_color%22,%22read_more_text_color%22%93,%22gcid-803cbec3-ce51-4865-83f1-75b1ba8d83fc%22:%91%22meta_text_color%22%93}&#8221; fullwidth=&#8221;on&#8221; text_orientation=&#8221;center&#8221; sticky_enabled=&#8221;0&#8243;][\/et_pb_blog][\/et_pb_column][\/et_pb_row][\/et_pb_section][et_pb_section fb_built=&#8221;1&#8243; admin_label=&#8221;Subscribe&#8221; _builder_version=&#8221;4.22.2&#8243; _module_preset=&#8221;default&#8221; use_background_color_gradient=&#8221;on&#8221; background_color_gradient_direction=&#8221;90deg&#8221; background_color_gradient_stops=&#8221;rgba(249,246,241,0.7) 0%|rgba(249,246,241,0.7) 100%&#8221; background_color_gradient_overlays_image=&#8221;on&#8221; background_image=&#8221;https:\/\/annagalfi.de\/wp-content\/uploads\/2023\/09\/coaching-8.jpg&#8221; saved_tabs=&#8221;all&#8221; collapsed=&#8221;on&#8221; global_colors_info=&#8221;{}&#8221;][et_pb_row _builder_version=&#8221;4.20.0&#8243; _module_preset=&#8221;default&#8221; max_width=&#8221;700px&#8221; global_colors_info=&#8221;{}&#8221;][et_pb_column type=&#8221;4_4&#8243; _builder_version=&#8221;4.20.0&#8243; _module_preset=&#8221;default&#8221; global_colors_info=&#8221;{}&#8221;][et_pb_text _builder_version=&#8221;4.22.2&#8243; _module_preset=&#8221;9175e086-059d-4279-b953-e380ef712aca&#8221; text_orientation=&#8221;center&#8221; global_colors_info=&#8221;{}&#8221;]<\/p>\n<h4>EINTRAGEN<\/h4>\n<p>[\/et_pb_text][et_pb_text _builder_version=&#8221;4.22.2&#8243; _module_preset=&#8221;c449fa1c-c039-48a6-a639-9c1827d01380&#8243; text_orientation=&#8221;center&#8221; custom_margin=&#8221;||10px||false|false&#8221; global_colors_info=&#8221;{}&#8221;]<\/p>\n<h2>Dein Erster Schritt<\/h2>\n<p>[\/et_pb_text][et_pb_text _builder_version=&#8221;4.22.2&#8243; _module_preset=&#8221;f3302714-b677-457a-a57e-6ed5d5620380&#8243; text_orientation=&#8221;center&#8221; global_colors_info=&#8221;{}&#8221;]<\/p>\n<p>Willst du keine unserer neuesten Blog-Beitr\u00e4ge, Updates und exklusiven Inhalte verpassen? Dann trag dich jetzt in unseren Newsletter ein!<\/p>\n<p>Als Newsletter-Abonnent erh\u00e4ltst du regelm\u00e4\u00dfig frische und spannende Inhalte direkt in dein Postfach. Sei Teil unserer Blog-Community und bleibe immer auf dem Laufenden.<\/p>\n<p>Melde dich jetzt an und verpasse keine unserer Beitr\u00e4ge mehr!<\/p>\n<p>[\/et_pb_text][et_pb_signup mailchimp_list=&#8221;undefined|elegantthemestest|1ea2bbd026&#8243; first_name_field=&#8221;off&#8221; last_name_field=&#8221;off&#8221; _builder_version=&#8221;4.20.0&#8243; _module_preset=&#8221;8fabe2b2-ecb3-47db-abc0-696244fe7eca&#8221; locked=&#8221;off&#8221; global_colors_info=&#8221;{%22gcid-606d042f-c90f-4ea6-97e7-7b08f1ba25f6%22:%91%22button_bg_color%22,%22form_field_text_color%22,%22border_color_all%22%93}&#8221;][\/et_pb_signup][\/et_pb_column][\/et_pb_row][\/et_pb_section]<\/p>\n","protected":false},"excerpt":{"rendered":"<p>MEIN BLOGEINTRAGENDein Erster SchrittWillst du keine unserer neuesten Blog-Beitr\u00e4ge, Updates und exklusiven Inhalte verpassen? Dann trag dich jetzt in unseren Newsletter ein! Als Newsletter-Abonnent erh\u00e4ltst du regelm\u00e4\u00dfig frische und spannende Inhalte direkt in dein Postfach. Sei Teil unserer Blog-Community und bleibe immer auf dem Laufenden. Melde dich jetzt an und verpasse keine unserer Beitr\u00e4ge mehr!<\/p>\n","protected":false},"author":1,"featured_media":0,"parent":0,"menu_order":0,"comment_status":"closed","ping_status":"closed","template":"","meta":{"_et_pb_use_builder":"on","_et_pb_old_content":"","_et_gb_content_width":"","footnotes":""},"class_list":["post-25","page","type-page","status-publish","hentry"],"_links":{"self":[{"href":"https:\/\/annagalfi.de\/index.php?rest_route=\/wp\/v2\/pages\/25","targetHints":{"allow":["GET"]}}],"collection":[{"href":"https:\/\/annagalfi.de\/index.php?rest_route=\/wp\/v2\/pages"}],"about":[{"href":"https:\/\/annagalfi.de\/index.php?rest_route=\/wp\/v2\/types\/page"}],"author":[{"embeddable":true,"href":"https:\/\/annagalfi.de\/index.php?rest_route=\/wp\/v2\/users\/1"}],"replies":[{"embeddable":true,"href":"https:\/\/annagalfi.de\/index.php?rest_route=%2Fwp%2Fv2%2Fcomments&post=25"}],"version-history":[{"count":3,"href":"https:\/\/annagalfi.de\/index.php?rest_route=\/wp\/v2\/pages\/25\/revisions"}],"predecessor-version":[{"id":34,"href":"https:\/\/annagalfi.de\/index.php?rest_route=\/wp\/v2\/pages\/25\/revisions\/34"}],"wp:attachment":[{"href":"https:\/\/annagalfi.de\/index.php?rest_route=%2Fwp%2Fv2%2Fmedia&parent=25"}],"curies":[{"name":"wp","href":"https:\/\/api.w.org\/{rel}","templated":true}]}}